{"id":407339,"date":"2023-10-25T09:01:12","date_gmt":"2023-10-25T07:01:12","guid":{"rendered":"https:\/\/lsf-france.com\/tarifs-et-documentation-2023\/"},"modified":"2023-11-22T14:16:41","modified_gmt":"2023-11-22T13:16:41","slug":"tarifs-et-documentation-2023","status":"publish","type":"page","link":"https:\/\/lsf-france.com\/fr\/tarifs-et-documentation-2023\/","title":{"rendered":"Tarifs et documentation 2023"},"content":{"rendered":"\t\t<div data-elementor-type=\"wp-page\" data-elementor-id=\"407339\" class=\"elementor elementor-407339 elementor-405819\" data-elementor-post-type=\"page\">\n\t\t\t\t\t\t<section class=\"elementor-section elementor-top-section elementor-element elementor-element-3e822bb elementor-section-boxed elementor-section-height-default elementor-section-height-default\" data-id=\"3e822bb\" data-element_type=\"section\" data-e-type=\"section\">\n\t\t\t\t\t\t<div class=\"elementor-container elementor-column-gap-default\">\n\t\t\t\t\t<div class=\"elementor-column elementor-col-100 elementor-top-column elementor-element elementor-element-aa5830d\" data-id=\"aa5830d\" data-element_type=\"column\" data-e-type=\"column\">\n\t\t\t<div class=\"elementor-widget-wrap elementor-element-populated\">\n\t\t\t\t\t\t<section class=\"elementor-section elementor-inner-section elementor-element elementor-element-39d19e1 elementor-section-boxed elementor-section-height-default elementor-section-height-default\" data-id=\"39d19e1\" data-element_type=\"section\" data-e-type=\"section\">\n\t\t\t\t\t\t<div class=\"elementor-container elementor-column-gap-default\">\n\t\t\t\t\t<div class=\"elementor-column elementor-col-100 elementor-inner-column elementor-element elementor-element-0b473d5\" data-id=\"0b473d5\" data-element_type=\"column\" data-e-type=\"column\">\n\t\t\t<div class=\"elementor-widget-wrap elementor-element-populated\">\n\t\t\t\t\t\t<div class=\"elementor-element elementor-element-3d96f6d elementor-widget elementor-widget-text-editor\" data-id=\"3d96f6d\" data-element_type=\"widget\" data-e-type=\"widget\" data-widget_type=\"text-editor.default\">\n\t\t\t\t<div class=\"elementor-widget-container\">\n\t\t\t\t\t\t\t\t\tNotre offre p\u00e9dagogique \u00e9volue en 2024.\r\nCependant, vous pouvez r\u00e9server un s\u00e9jour en 2023 jusqu&rsquo;\u00e0 la derni\u00e8re semaine de 2023 (18 d\u00e9cembre 2023).\r\nVous pouvez d\u00e9couvrir l&rsquo;ensemble de notre offre 2023 disponible jusqu&rsquo;au 18 d\u00e9cembre 2023 en parcourant notre liste de prix et notre brochure.\t\t\t\t\t\t\t\t<\/div>\n\t\t\t\t<\/div>\n\t\t\t\t\t<\/div>\n\t\t<\/div>\n\t\t\t\t\t<\/div>\n\t\t<\/section>\n\t\t\t\t\t<\/div>\n\t\t<\/div>\n\t\t\t\t\t<\/div>\n\t\t<\/section>\n\t\t\t\t<section class=\"elementor-section elementor-top-section elementor-element elementor-element-119008b elementor-section-boxed elementor-section-height-default elementor-section-height-default\" data-id=\"119008b\" data-element_type=\"section\" data-e-type=\"section\">\n\t\t\t\t\t\t<div class=\"elementor-container elementor-column-gap-default\">\n\t\t\t\t\t<div class=\"elementor-column elementor-col-50 elementor-top-column elementor-element elementor-element-bcd5ee7\" data-id=\"bcd5ee7\" data-element_type=\"column\" data-e-type=\"column\">\n\t\t\t<div class=\"elementor-widget-wrap elementor-element-populated\">\n\t\t\t\t\t\t<div class=\"elementor-element elementor-element-5843d98 elementor-widget elementor-widget-heading\" data-id=\"5843d98\" data-element_type=\"widget\" data-e-type=\"widget\" data-widget_type=\"heading.default\">\n\t\t\t\t<div class=\"elementor-widget-container\">\n\t\t\t\t\t<h2 class=\"elementor-heading-title elementor-size-default\">Brochure 2023<\/h2>\t\t\t\t<\/div>\n\t\t\t\t<\/div>\n\t\t\t\t<div class=\"elementor-element elementor-element-5a36b57 elementor-widget elementor-widget-image\" data-id=\"5a36b57\" data-element_type=\"widget\" data-e-type=\"widget\" data-widget_type=\"image.default\">\n\t\t\t\t<div class=\"elementor-widget-container\">\n\t\t\t\t\t\t\t\t\t\t\t\t\t\t\t\t<a href=\"https:\/\/lsf-france.com\/wp-content\/uploads\/2023\/11\/KLF-2023-LSF-IEF-Brochure-ecole-FR.pdf\" target=\"_blank\">\n\t\t\t\t\t\t\t<img fetchpriority=\"high\" decoding=\"async\" width=\"300\" height=\"300\" src=\"https:\/\/lsf-france.com\/wp-content\/uploads\/2023\/10\/Brochure-LSF-2023-300x300.png\" class=\"attachment-medium size-medium wp-image-405821\" alt=\"\" srcset=\"https:\/\/lsf-france.com\/wp-content\/uploads\/2023\/10\/Brochure-LSF-2023-300x300.png 300w, https:\/\/lsf-france.com\/wp-content\/uploads\/2023\/10\/Brochure-LSF-2023-150x150.png 150w, https:\/\/lsf-france.com\/wp-content\/uploads\/2023\/10\/Brochure-LSF-2023.png 725w\" sizes=\"(max-width: 300px) 100vw, 300px\" \/>\t\t\t\t\t\t\t\t<\/a>\n\t\t\t\t\t\t\t\t\t\t\t\t\t\t\t<\/div>\n\t\t\t\t<\/div>\n\t\t\t\t<div class=\"elementor-element elementor-element-e389e3c elementor-align-center elementor-widget elementor-widget-button\" data-id=\"e389e3c\" data-element_type=\"widget\" data-e-type=\"widget\" data-widget_type=\"button.default\">\n\t\t\t\t<div class=\"elementor-widget-container\">\n\t\t\t\t\t\t\t\t\t<div class=\"elementor-button-wrapper\">\n\t\t\t\t\t<a class=\"elementor-button elementor-button-link elementor-size-md\" href=\"https:\/\/lsf-france.com\/wp-content\/uploads\/2023\/11\/KLF-2023-LSF-IEF-Brochure-ecole-FR.pdf\" target=\"_blank\">\n\t\t\t\t\t\t<span class=\"elementor-button-content-wrapper\">\n\t\t\t\t\t\t\t\t\t<span class=\"elementor-button-text\">T\u00e9l\u00e9chargez notre brochure 2023<\/span>\n\t\t\t\t\t<\/span>\n\t\t\t\t\t<\/a>\n\t\t\t\t<\/div>\n\t\t\t\t\t\t\t\t<\/div>\n\t\t\t\t<\/div>\n\t\t\t\t\t<\/div>\n\t\t<\/div>\n\t\t\t\t<div class=\"elementor-column elementor-col-50 elementor-top-column elementor-element elementor-element-787df9f\" data-id=\"787df9f\" data-element_type=\"column\" data-e-type=\"column\">\n\t\t\t<div class=\"elementor-widget-wrap elementor-element-populated\">\n\t\t\t\t\t\t<div class=\"elementor-element elementor-element-6cb39c1 elementor-widget elementor-widget-heading\" data-id=\"6cb39c1\" data-element_type=\"widget\" data-e-type=\"widget\" data-widget_type=\"heading.default\">\n\t\t\t\t<div class=\"elementor-widget-container\">\n\t\t\t\t\t<h2 class=\"elementor-heading-title elementor-size-default\">Tarifs 2023<\/h2>\t\t\t\t<\/div>\n\t\t\t\t<\/div>\n\t\t\t\t<div class=\"elementor-element elementor-element-687300f elementor-widget elementor-widget-image\" data-id=\"687300f\" data-element_type=\"widget\" data-e-type=\"widget\" data-widget_type=\"image.default\">\n\t\t\t\t<div class=\"elementor-widget-container\">\n\t\t\t\t\t\t\t\t\t\t\t\t\t\t\t\t<a href=\"https:\/\/lsf-france.com\/wp-content\/uploads\/2023\/11\/KLF-2023-LSF-IEF-PRICELIST_2023_FR-LIGHT.pdf\" target=\"_blank\">\n\t\t\t\t\t\t\t<img decoding=\"async\" width=\"212\" height=\"300\" src=\"https:\/\/lsf-france.com\/wp-content\/uploads\/2022\/10\/tarifs-2023-1-212x300.jpg\" class=\"attachment-medium size-medium wp-image-402086\" alt=\"\" srcset=\"https:\/\/lsf-france.com\/wp-content\/uploads\/2022\/10\/tarifs-2023-1-212x300.jpg 212w, https:\/\/lsf-france.com\/wp-content\/uploads\/2022\/10\/tarifs-2023-1-724x1024.jpg 724w, https:\/\/lsf-france.com\/wp-content\/uploads\/2022\/10\/tarifs-2023-1-768x1086.jpg 768w, https:\/\/lsf-france.com\/wp-content\/uploads\/2022\/10\/tarifs-2023-1-1086x1536.jpg 1086w, https:\/\/lsf-france.com\/wp-content\/uploads\/2022\/10\/tarifs-2023-1-1448x2048.jpg 1448w, https:\/\/lsf-france.com\/wp-content\/uploads\/2022\/10\/tarifs-2023-1-scaled.jpg 1810w\" sizes=\"(max-width: 212px) 100vw, 212px\" \/>\t\t\t\t\t\t\t\t<\/a>\n\t\t\t\t\t\t\t\t\t\t\t\t\t\t\t<\/div>\n\t\t\t\t<\/div>\n\t\t\t\t<div class=\"elementor-element elementor-element-251a7c4 elementor-align-center elementor-widget elementor-widget-button\" data-id=\"251a7c4\" data-element_type=\"widget\" data-e-type=\"widget\" data-widget_type=\"button.default\">\n\t\t\t\t<div class=\"elementor-widget-container\">\n\t\t\t\t\t\t\t\t\t<div class=\"elementor-button-wrapper\">\n\t\t\t\t\t<a class=\"elementor-button elementor-button-link elementor-size-md\" href=\"https:\/\/lsf-france.com\/wp-content\/uploads\/2023\/11\/KLF-2023-LSF-IEF-PRICELIST_2023_FR-LIGHT.pdf\" target=\"_blank\">\n\t\t\t\t\t\t<span class=\"elementor-button-content-wrapper\">\n\t\t\t\t\t\t\t\t\t<span class=\"elementor-button-text\">T\u00e9l\u00e9chargez notre grille de prix 2023<\/span>\n\t\t\t\t\t<\/span>\n\t\t\t\t\t<\/a>\n\t\t\t\t<\/div>\n\t\t\t\t\t\t\t\t<\/div>\n\t\t\t\t<\/div>\n\t\t\t\t\t<\/div>\n\t\t<\/div>\n\t\t\t\t\t<\/div>\n\t\t<\/section>\n\t\t\t\t<section class=\"elementor-section elementor-top-section elementor-element elementor-element-1a21dcc elementor-section-boxed elementor-section-height-default elementor-section-height-default\" data-id=\"1a21dcc\" data-element_type=\"section\" data-e-type=\"section\">\n\t\t\t\t\t\t<div class=\"elementor-container elementor-column-gap-default\">\n\t\t\t\t\t<div class=\"elementor-column elementor-col-100 elementor-top-column elementor-element elementor-element-f13f221\" data-id=\"f13f221\" data-element_type=\"column\" data-e-type=\"column\">\n\t\t\t<div class=\"elementor-widget-wrap elementor-element-populated\">\n\t\t\t\t\t\t<section class=\"elementor-section elementor-inner-section elementor-element elementor-element-2275c28 elementor-section-boxed elementor-section-height-default elementor-section-height-default\" data-id=\"2275c28\" data-element_type=\"section\" data-e-type=\"section\">\n\t\t\t\t\t\t<div class=\"elementor-container elementor-column-gap-default\">\n\t\t\t\t\t<div class=\"elementor-column elementor-col-100 elementor-inner-column elementor-element elementor-element-1426092\" data-id=\"1426092\" data-element_type=\"column\" data-e-type=\"column\">\n\t\t\t<div class=\"elementor-widget-wrap elementor-element-populated\">\n\t\t\t\t\t\t<div class=\"elementor-element elementor-element-245b1ec elementor-align-center elementor-widget elementor-widget-button\" data-id=\"245b1ec\" data-element_type=\"widget\" data-e-type=\"widget\" data-widget_type=\"button.default\">\n\t\t\t\t<div class=\"elementor-widget-container\">\n\t\t\t\t\t\t\t\t\t<div class=\"elementor-button-wrapper\">\n\t\t\t\t\t<a class=\"elementor-button elementor-button-link elementor-size-sm\" href=\"https:\/\/lsf-france.com\/fr\/formulaire-de-reservation-pour-adultes-2023\/\" target=\"_blank\">\n\t\t\t\t\t\t<span class=\"elementor-button-content-wrapper\">\n\t\t\t\t\t\t\t\t\t<span class=\"elementor-button-text\">R\u00e9servez un cours en 2023<\/span>\n\t\t\t\t\t<\/span>\n\t\t\t\t\t<\/a>\n\t\t\t\t<\/div>\n\t\t\t\t\t\t\t\t<\/div>\n\t\t\t\t<\/div>\n\t\t\t\t\t<\/div>\n\t\t<\/div>\n\t\t\t\t\t<\/div>\n\t\t<\/section>\n\t\t\t\t\t<\/div>\n\t\t<\/div>\n\t\t\t\t\t<\/div>\n\t\t<\/section>\n\t\t\t\t<\/div>\n\t\t","protected":false},"excerpt":{"rendered":"<p>Notre offre p\u00e9dagogique \u00e9volue en 2024. Cependant, vous pouvez r\u00e9server un s\u00e9jour en 2023 jusqu&rsquo;\u00e0 la derni\u00e8re semaine de 2023 (18 d\u00e9cembre 2023). Vous pouvez d\u00e9couvrir l&rsquo;ensemble de notre offre [&hellip;]<\/p>\n","protected":false},"author":1,"featured_media":0,"parent":0,"menu_order":0,"comment_status":"closed","ping_status":"closed","template":"","meta":{"_acf_changed":false,"content-type":"","footnotes":""},"class_list":["post-407339","page","type-page","status-publish","hentry"],"acf":[],"_links":{"self":[{"href":"https:\/\/lsf-france.com\/fr\/wp-json\/wp\/v2\/pages\/407339","targetHints":{"allow":["GET"]}}],"collection":[{"href":"https:\/\/lsf-france.com\/fr\/wp-json\/wp\/v2\/pages"}],"about":[{"href":"https:\/\/lsf-france.com\/fr\/wp-json\/wp\/v2\/types\/page"}],"author":[{"embeddable":true,"href":"https:\/\/lsf-france.com\/fr\/wp-json\/wp\/v2\/users\/1"}],"replies":[{"embeddable":true,"href":"https:\/\/lsf-france.com\/fr\/wp-json\/wp\/v2\/comments?post=407339"}],"version-history":[{"count":1,"href":"https:\/\/lsf-france.com\/fr\/wp-json\/wp\/v2\/pages\/407339\/revisions"}],"predecessor-version":[{"id":407340,"href":"https:\/\/lsf-france.com\/fr\/wp-json\/wp\/v2\/pages\/407339\/revisions\/407340"}],"wp:attachment":[{"href":"https:\/\/lsf-france.com\/fr\/wp-json\/wp\/v2\/media?parent=407339"}],"curies":[{"name":"wp","href":"https:\/\/api.w.org\/{rel}","templated":true}]}}