{"id":408334,"date":"2024-01-18T10:02:28","date_gmt":"2024-01-18T09:02:28","guid":{"rendered":"https:\/\/lsf-france.com\/inscription-cours-francais-en-ligne\/"},"modified":"2024-07-05T15:18:16","modified_gmt":"2024-07-05T13:18:16","slug":"inscription-cours-francais-en-ligne","status":"publish","type":"page","link":"https:\/\/lsf-france.com\/fr\/inscription-cours-francais-en-ligne\/","title":{"rendered":"Inscription cours fran\u00e7ais en ligne"},"content":{"rendered":"\t\t<div data-elementor-type=\"wp-page\" data-elementor-id=\"408334\" class=\"elementor elementor-408334\" data-elementor-post-type=\"page\">\n\t\t\t\t\t\t<section class=\"elementor-section elementor-top-section elementor-element elementor-element-625944c elementor-section-boxed elementor-section-height-default elementor-section-height-default\" data-id=\"625944c\" data-element_type=\"section\" data-e-type=\"section\">\n\t\t\t\t\t\t<div class=\"elementor-container elementor-column-gap-default\">\n\t\t\t\t\t<div class=\"elementor-column elementor-col-100 elementor-top-column elementor-element elementor-element-1122fa6\" data-id=\"1122fa6\" data-element_type=\"column\" data-e-type=\"column\">\n\t\t\t<div class=\"elementor-widget-wrap elementor-element-populated\">\n\t\t\t\t\t\t<div class=\"elementor-element elementor-element-a39eb1d elementor-widget elementor-widget-spacer\" data-id=\"a39eb1d\" data-element_type=\"widget\" data-e-type=\"widget\" data-widget_type=\"spacer.default\">\n\t\t\t\t<div class=\"elementor-widget-container\">\n\t\t\t\t\t\t\t<div class=\"elementor-spacer\">\n\t\t\t<div class=\"elementor-spacer-inner\"><\/div>\n\t\t<\/div>\n\t\t\t\t\t\t<\/div>\n\t\t\t\t<\/div>\n\t\t\t\t<div class=\"elementor-element elementor-element-39ce8a9 elementor-widget elementor-widget-heading\" data-id=\"39ce8a9\" data-element_type=\"widget\" data-e-type=\"widget\" data-widget_type=\"heading.default\">\n\t\t\t\t<div class=\"elementor-widget-container\">\n\t\t\t\t\t<h2 class=\"elementor-heading-title elementor-size-default\">Am\u00e9liorez votre fran\u00e7ais depuis n'importe o\u00f9 avec LSF-IEF Montpellier<\/h2>\t\t\t\t<\/div>\n\t\t\t\t<\/div>\n\t\t\t\t\t<\/div>\n\t\t<\/div>\n\t\t\t\t\t<\/div>\n\t\t<\/section>\n\t\t\t\t<section class=\"elementor-section elementor-top-section elementor-element elementor-element-5228d49 elementor-section-boxed elementor-section-height-default elementor-section-height-default\" data-id=\"5228d49\" data-element_type=\"section\" data-e-type=\"section\">\n\t\t\t\t\t\t<div class=\"elementor-container elementor-column-gap-default\">\n\t\t\t\t\t<div class=\"elementor-column elementor-col-100 elementor-top-column elementor-element elementor-element-f448347\" data-id=\"f448347\" data-element_type=\"column\" data-e-type=\"column\">\n\t\t\t<div class=\"elementor-widget-wrap elementor-element-populated\">\n\t\t\t\t\t\t<div class=\"elementor-element elementor-element-dbf4753 elementor-align-center elementor-widget elementor-widget-button\" data-id=\"dbf4753\" data-element_type=\"widget\" data-e-type=\"widget\" data-widget_type=\"button.default\">\n\t\t\t\t<div class=\"elementor-widget-container\">\n\t\t\t\t\t\t\t\t\t<div class=\"elementor-button-wrapper\">\n\t\t\t\t\t<a class=\"elementor-button elementor-button-link elementor-size-lg\" href=\"https:\/\/lsf-france.com\/fr\/cours-du-soir\/\" target=\"_blank\">\n\t\t\t\t\t\t<span class=\"elementor-button-content-wrapper\">\n\t\t\t\t\t\t\t\t\t<span class=\"elementor-button-text\">Inscription<br> Cours de fran\u00e7ais du soir en ligne<\/span>\n\t\t\t\t\t<\/span>\n\t\t\t\t\t<\/a>\n\t\t\t\t<\/div>\n\t\t\t\t\t\t\t\t<\/div>\n\t\t\t\t<\/div>\n\t\t\t\t\t<\/div>\n\t\t<\/div>\n\t\t\t\t\t<\/div>\n\t\t<\/section>\n\t\t\t\t<section class=\"elementor-section elementor-top-section elementor-element elementor-element-690e9b9 elementor-section-boxed elementor-section-height-default elementor-section-height-default\" data-id=\"690e9b9\" data-element_type=\"section\" data-e-type=\"section\">\n\t\t\t\t\t\t<div class=\"elementor-container elementor-column-gap-default\">\n\t\t\t\t\t<div class=\"elementor-column elementor-col-100 elementor-top-column elementor-element elementor-element-8325227\" data-id=\"8325227\" data-element_type=\"column\" data-e-type=\"column\">\n\t\t\t<div class=\"elementor-widget-wrap elementor-element-populated\">\n\t\t\t\t\t\t<div class=\"elementor-element elementor-element-4f11a06 elementor-widget elementor-widget-text-editor\" data-id=\"4f11a06\" data-element_type=\"widget\" data-e-type=\"widget\" data-widget_type=\"text-editor.default\">\n\t\t\t\t<div class=\"elementor-widget-container\">\n\t\t\t\t\t\t\t\t\t* Le cours du soir en ligne est assur\u00e9 par notre \u00e9cole de fran\u00e7ais Lyon Bleu International (Groupe KLF)\t\t\t\t\t\t\t\t<\/div>\n\t\t\t\t<\/div>\n\t\t\t\t<div class=\"elementor-element elementor-element-ead89c4 elementor-widget elementor-widget-image\" data-id=\"ead89c4\" data-element_type=\"widget\" data-e-type=\"widget\" data-widget_type=\"image.default\">\n\t\t\t\t<div class=\"elementor-widget-container\">\n\t\t\t\t\t\t\t\t\t\t\t\t\t\t\t\t<a href=\"https:\/\/www.lyon-bleu.fr\/\" target=\"_blank\" rel=\"noopener\">\n\t\t\t\t\t\t\t<img fetchpriority=\"high\" decoding=\"async\" width=\"566\" height=\"708\" src=\"https:\/\/lsf-france.com\/wp-content\/uploads\/2024\/01\/logo-lyon-bleu-transparent-gros.png\" class=\"attachment-full size-full wp-image-408319\" alt=\"\" srcset=\"https:\/\/lsf-france.com\/wp-content\/uploads\/2024\/01\/logo-lyon-bleu-transparent-gros.png 566w, https:\/\/lsf-france.com\/wp-content\/uploads\/2024\/01\/logo-lyon-bleu-transparent-gros-240x300.png 240w\" sizes=\"(max-width: 566px) 100vw, 566px\" \/>\t\t\t\t\t\t\t\t<\/a>\n\t\t\t\t\t\t\t\t\t\t\t\t\t\t\t<\/div>\n\t\t\t\t<\/div>\n\t\t\t\t\t<\/div>\n\t\t<\/div>\n\t\t\t\t\t<\/div>\n\t\t<\/section>\n\t\t\t\t<\/div>\n\t\t","protected":false},"excerpt":{"rendered":"<p>Am\u00e9liorez votre fran\u00e7ais depuis n&rsquo;importe o\u00f9 avec LSF-IEF Montpellier Inscription Cours de fran\u00e7ais du soir en ligne * Le cours du soir en ligne est assur\u00e9 par notre \u00e9cole de [&hellip;]<\/p>\n","protected":false},"author":1,"featured_media":0,"parent":0,"menu_order":0,"comment_status":"closed","ping_status":"closed","template":"","meta":{"_acf_changed":false,"content-type":"","footnotes":""},"class_list":["post-408334","page","type-page","status-publish","hentry"],"acf":[],"yoast_head":"<!-- This site is optimized with the Yoast SEO plugin v27.5 - https:\/\/yoast.com\/product\/yoast-seo-wordpress\/ -->\n<title>Inscription cours fran\u00e7ais en ligne - LSF | Learn French in South of France<\/title>\n<meta name=\"robots\" content=\"index, follow, max-snippet:-1, max-image-preview:large, max-video-preview:-1\" \/>\n<link rel=\"canonical\" href=\"https:\/\/lsf-france.com\/fr\/inscription-cours-francais-en-ligne\/\" \/>\n<meta property=\"og:locale\" content=\"fr_FR\" \/>\n<meta property=\"og:type\" content=\"article\" \/>\n<meta property=\"og:title\" content=\"Inscription cours fran\u00e7ais en ligne - LSF | Learn French in South of France\" \/>\n<meta property=\"og:description\" content=\"Am\u00e9liorez votre fran\u00e7ais depuis n&rsquo;importe o\u00f9 avec LSF-IEF Montpellier Inscription Cours de fran\u00e7ais du soir en ligne * Le cours du soir en ligne est assur\u00e9 par notre \u00e9cole de [&hellip;]\" \/>\n<meta property=\"og:url\" content=\"https:\/\/lsf-france.com\/fr\/inscription-cours-francais-en-ligne\/\" \/>\n<meta property=\"og:site_name\" content=\"LSF | Learn French in South of France\" \/>\n<meta property=\"article:modified_time\" content=\"2024-07-05T13:18:16+00:00\" \/>\n<meta property=\"og:image\" content=\"https:\/\/lsf-france.com\/wp-content\/uploads\/2024\/01\/logo-lyon-bleu-transparent-gros.png\" \/>\n\t<meta property=\"og:image:width\" content=\"566\" \/>\n\t<meta property=\"og:image:height\" content=\"708\" \/>\n\t<meta property=\"og:image:type\" content=\"image\/png\" \/>\n<meta name=\"twitter:card\" content=\"summary_large_image\" \/>\n<script type=\"application\/ld+json\" class=\"yoast-schema-graph\">{\"@context\":\"https:\\\/\\\/schema.org\",\"@graph\":[{\"@type\":\"WebPage\",\"@id\":\"https:\\\/\\\/lsf-france.com\\\/fr\\\/inscription-cours-francais-en-ligne\\\/\",\"url\":\"https:\\\/\\\/lsf-france.com\\\/fr\\\/inscription-cours-francais-en-ligne\\\/\",\"name\":\"Inscription cours fran\u00e7ais en ligne - LSF | Learn French in South of France\",\"isPartOf\":{\"@id\":\"https:\\\/\\\/lsf-france.com\\\/es\\\/#website\"},\"primaryImageOfPage\":{\"@id\":\"https:\\\/\\\/lsf-france.com\\\/fr\\\/inscription-cours-francais-en-ligne\\\/#primaryimage\"},\"image\":{\"@id\":\"https:\\\/\\\/lsf-france.com\\\/fr\\\/inscription-cours-francais-en-ligne\\\/#primaryimage\"},\"thumbnailUrl\":\"https:\\\/\\\/lsf-france.com\\\/wp-content\\\/uploads\\\/2024\\\/01\\\/logo-lyon-bleu-transparent-gros.png\",\"datePublished\":\"2024-01-18T09:02:28+00:00\",\"dateModified\":\"2024-07-05T13:18:16+00:00\",\"breadcrumb\":{\"@id\":\"https:\\\/\\\/lsf-france.com\\\/fr\\\/inscription-cours-francais-en-ligne\\\/#breadcrumb\"},\"inLanguage\":\"fr-FR\",\"potentialAction\":[{\"@type\":\"ReadAction\",\"target\":[\"https:\\\/\\\/lsf-france.com\\\/fr\\\/inscription-cours-francais-en-ligne\\\/\"]}]},{\"@type\":\"ImageObject\",\"inLanguage\":\"fr-FR\",\"@id\":\"https:\\\/\\\/lsf-france.com\\\/fr\\\/inscription-cours-francais-en-ligne\\\/#primaryimage\",\"url\":\"https:\\\/\\\/lsf-france.com\\\/wp-content\\\/uploads\\\/2024\\\/01\\\/logo-lyon-bleu-transparent-gros.png\",\"contentUrl\":\"https:\\\/\\\/lsf-france.com\\\/wp-content\\\/uploads\\\/2024\\\/01\\\/logo-lyon-bleu-transparent-gros.png\"},{\"@type\":\"BreadcrumbList\",\"@id\":\"https:\\\/\\\/lsf-france.com\\\/fr\\\/inscription-cours-francais-en-ligne\\\/#breadcrumb\",\"itemListElement\":[{\"@type\":\"ListItem\",\"position\":1,\"name\":\"Home\",\"item\":\"https:\\\/\\\/lsf-france.com\\\/fr\\\/\"},{\"@type\":\"ListItem\",\"position\":2,\"name\":\"Inscription cours fran\u00e7ais en ligne\"}]},{\"@type\":\"WebSite\",\"@id\":\"https:\\\/\\\/lsf-france.com\\\/es\\\/#website\",\"url\":\"https:\\\/\\\/lsf-france.com\\\/es\\\/\",\"name\":\"LSF | Learn French in South of France\",\"description\":\"Learn French in France, Montpellier French Language School, LSF\",\"publisher\":{\"@id\":\"https:\\\/\\\/lsf-france.com\\\/es\\\/#organization\"},\"potentialAction\":[{\"@type\":\"SearchAction\",\"target\":{\"@type\":\"EntryPoint\",\"urlTemplate\":\"https:\\\/\\\/lsf-france.com\\\/es\\\/?s={search_term_string}\"},\"query-input\":{\"@type\":\"PropertyValueSpecification\",\"valueRequired\":true,\"valueName\":\"search_term_string\"}}],\"inLanguage\":\"fr-FR\"},{\"@type\":\"Organization\",\"@id\":\"https:\\\/\\\/lsf-france.com\\\/es\\\/#organization\",\"name\":\"LSF Montpellier\",\"url\":\"https:\\\/\\\/lsf-france.com\\\/es\\\/\",\"logo\":{\"@type\":\"ImageObject\",\"inLanguage\":\"fr-FR\",\"@id\":\"https:\\\/\\\/lsf-france.com\\\/es\\\/#\\\/schema\\\/logo\\\/image\\\/\",\"url\":\"https:\\\/\\\/lsf-france.com\\\/wp-content\\\/uploads\\\/2018\\\/11\\\/PleinBleux2.png\",\"contentUrl\":\"https:\\\/\\\/lsf-france.com\\\/wp-content\\\/uploads\\\/2018\\\/11\\\/PleinBleux2.png\",\"width\":1000,\"height\":1000,\"caption\":\"LSF Montpellier\"},\"image\":{\"@id\":\"https:\\\/\\\/lsf-france.com\\\/es\\\/#\\\/schema\\\/logo\\\/image\\\/\"}}]}<\/script>\n<!-- \/ Yoast SEO plugin. -->","yoast_head_json":{"title":"Inscription cours fran\u00e7ais en ligne - LSF | Learn French in South of France","robots":{"index":"index","follow":"follow","max-snippet":"max-snippet:-1","max-image-preview":"max-image-preview:large","max-video-preview":"max-video-preview:-1"},"canonical":"https:\/\/lsf-france.com\/fr\/inscription-cours-francais-en-ligne\/","og_locale":"fr_FR","og_type":"article","og_title":"Inscription cours fran\u00e7ais en ligne - LSF | Learn French in South of France","og_description":"Am\u00e9liorez votre fran\u00e7ais depuis n&rsquo;importe o\u00f9 avec LSF-IEF Montpellier Inscription Cours de fran\u00e7ais du soir en ligne * Le cours du soir en ligne est assur\u00e9 par notre \u00e9cole de [&hellip;]","og_url":"https:\/\/lsf-france.com\/fr\/inscription-cours-francais-en-ligne\/","og_site_name":"LSF | Learn French in South of France","article_modified_time":"2024-07-05T13:18:16+00:00","og_image":[{"width":566,"height":708,"url":"https:\/\/lsf-france.com\/wp-content\/uploads\/2024\/01\/logo-lyon-bleu-transparent-gros.png","type":"image\/png"}],"twitter_card":"summary_large_image","schema":{"@context":"https:\/\/schema.org","@graph":[{"@type":"WebPage","@id":"https:\/\/lsf-france.com\/fr\/inscription-cours-francais-en-ligne\/","url":"https:\/\/lsf-france.com\/fr\/inscription-cours-francais-en-ligne\/","name":"Inscription cours fran\u00e7ais en ligne - LSF | Learn French in South of France","isPartOf":{"@id":"https:\/\/lsf-france.com\/es\/#website"},"primaryImageOfPage":{"@id":"https:\/\/lsf-france.com\/fr\/inscription-cours-francais-en-ligne\/#primaryimage"},"image":{"@id":"https:\/\/lsf-france.com\/fr\/inscription-cours-francais-en-ligne\/#primaryimage"},"thumbnailUrl":"https:\/\/lsf-france.com\/wp-content\/uploads\/2024\/01\/logo-lyon-bleu-transparent-gros.png","datePublished":"2024-01-18T09:02:28+00:00","dateModified":"2024-07-05T13:18:16+00:00","breadcrumb":{"@id":"https:\/\/lsf-france.com\/fr\/inscription-cours-francais-en-ligne\/#breadcrumb"},"inLanguage":"fr-FR","potentialAction":[{"@type":"ReadAction","target":["https:\/\/lsf-france.com\/fr\/inscription-cours-francais-en-ligne\/"]}]},{"@type":"ImageObject","inLanguage":"fr-FR","@id":"https:\/\/lsf-france.com\/fr\/inscription-cours-francais-en-ligne\/#primaryimage","url":"https:\/\/lsf-france.com\/wp-content\/uploads\/2024\/01\/logo-lyon-bleu-transparent-gros.png","contentUrl":"https:\/\/lsf-france.com\/wp-content\/uploads\/2024\/01\/logo-lyon-bleu-transparent-gros.png"},{"@type":"BreadcrumbList","@id":"https:\/\/lsf-france.com\/fr\/inscription-cours-francais-en-ligne\/#breadcrumb","itemListElement":[{"@type":"ListItem","position":1,"name":"Home","item":"https:\/\/lsf-france.com\/fr\/"},{"@type":"ListItem","position":2,"name":"Inscription cours fran\u00e7ais en ligne"}]},{"@type":"WebSite","@id":"https:\/\/lsf-france.com\/es\/#website","url":"https:\/\/lsf-france.com\/es\/","name":"LSF | Learn French in South of France","description":"Learn French in France, Montpellier French Language School, LSF","publisher":{"@id":"https:\/\/lsf-france.com\/es\/#organization"},"potentialAction":[{"@type":"SearchAction","target":{"@type":"EntryPoint","urlTemplate":"https:\/\/lsf-france.com\/es\/?s={search_term_string}"},"query-input":{"@type":"PropertyValueSpecification","valueRequired":true,"valueName":"search_term_string"}}],"inLanguage":"fr-FR"},{"@type":"Organization","@id":"https:\/\/lsf-france.com\/es\/#organization","name":"LSF Montpellier","url":"https:\/\/lsf-france.com\/es\/","logo":{"@type":"ImageObject","inLanguage":"fr-FR","@id":"https:\/\/lsf-france.com\/es\/#\/schema\/logo\/image\/","url":"https:\/\/lsf-france.com\/wp-content\/uploads\/2018\/11\/PleinBleux2.png","contentUrl":"https:\/\/lsf-france.com\/wp-content\/uploads\/2018\/11\/PleinBleux2.png","width":1000,"height":1000,"caption":"LSF Montpellier"},"image":{"@id":"https:\/\/lsf-france.com\/es\/#\/schema\/logo\/image\/"}}]}},"_links":{"self":[{"href":"https:\/\/lsf-france.com\/fr\/wp-json\/wp\/v2\/pages\/408334","targetHints":{"allow":["GET"]}}],"collection":[{"href":"https:\/\/lsf-france.com\/fr\/wp-json\/wp\/v2\/pages"}],"about":[{"href":"https:\/\/lsf-france.com\/fr\/wp-json\/wp\/v2\/types\/page"}],"author":[{"embeddable":true,"href":"https:\/\/lsf-france.com\/fr\/wp-json\/wp\/v2\/users\/1"}],"replies":[{"embeddable":true,"href":"https:\/\/lsf-france.com\/fr\/wp-json\/wp\/v2\/comments?post=408334"}],"version-history":[{"count":5,"href":"https:\/\/lsf-france.com\/fr\/wp-json\/wp\/v2\/pages\/408334\/revisions"}],"predecessor-version":[{"id":410933,"href":"https:\/\/lsf-france.com\/fr\/wp-json\/wp\/v2\/pages\/408334\/revisions\/410933"}],"wp:attachment":[{"href":"https:\/\/lsf-france.com\/fr\/wp-json\/wp\/v2\/media?parent=408334"}],"curies":[{"name":"wp","href":"https:\/\/api.w.org\/{rel}","templated":true}]}}